{"id":1767,"date":"2024-01-31T10:53:39","date_gmt":"2024-01-31T09:53:39","guid":{"rendered":"https:\/\/turofincas.com\/clausula-newsletter\/"},"modified":"2024-02-07T09:52:57","modified_gmt":"2024-02-07T08:52:57","slug":"clausula-newsletter","status":"publish","type":"page","link":"https:\/\/turofincas.com\/es\/clausula-newsletter\/","title":{"rendered":"Cl\u00e1usula newsletter"},"content":{"rendered":"\t\t<div data-elementor-type=\"wp-page\" data-elementor-id=\"1767\" class=\"elementor elementor-1767 elementor-1667\" data-elementor-post-type=\"page\">\n\t\t\t\t\t\t<section class=\"elementor-section elementor-top-section elementor-element elementor-element-26681e7 elementor-section-boxed elementor-section-height-default elementor-section-height-default\" data-id=\"26681e7\" data-element_type=\"section\" data-e-type=\"section\" data-settings=\"{&quot;background_background&quot;:&quot;classic&quot;}\">\n\t\t\t\t\t\t<div class=\"elementor-container elementor-column-gap-default\">\n\t\t\t\t\t<div class=\"elementor-column elementor-col-100 elementor-top-column elementor-element elementor-element-3a23f31\" data-id=\"3a23f31\" data-element_type=\"column\" data-e-type=\"column\">\n\t\t\t<div class=\"elementor-widget-wrap elementor-element-populated\">\n\t\t\t\t\t\t<div class=\"elementor-element elementor-element-38f2b4a elementor-widget elementor-widget-heading\" data-id=\"38f2b4a\" data-element_type=\"widget\" data-e-type=\"widget\" data-widget_type=\"heading.default\">\n\t\t\t\t<div class=\"elementor-widget-container\">\n\t\t\t\t\t<h2 class=\"elementor-heading-title elementor-size-default\">Cl\u00e1usula Newsletter<\/h2>\t\t\t\t<\/div>\n\t\t\t\t<\/div>\n\t\t\t\t<div class=\"elementor-element elementor-element-59a731b elementor-widget-divider--view-line elementor-widget elementor-widget-divider\" data-id=\"59a731b\" data-element_type=\"widget\" data-e-type=\"widget\" data-widget_type=\"divider.default\">\n\t\t\t\t<div class=\"elementor-widget-container\">\n\t\t\t\t\t\t\t<div class=\"elementor-divider\">\n\t\t\t<span class=\"elementor-divider-separator\">\n\t\t\t\t\t\t<\/span>\n\t\t<\/div>\n\t\t\t\t\t\t<\/div>\n\t\t\t\t<\/div>\n\t\t\t\t<div class=\"elementor-element elementor-element-c9e65c3 elementor-widget__width-initial elementor-widget elementor-widget-text-editor\" data-id=\"c9e65c3\" data-element_type=\"widget\" data-e-type=\"widget\" data-widget_type=\"text-editor.default\">\n\t\t\t\t<div class=\"elementor-widget-container\">\n\t\t\t\t\t\t\t\t\t<p>De conformidad con lo establecido en la normativa vigente en Protecci\u00f3n de Datos de Car\u00e1cter Personal, le informamos que el correo electr\u00f3nico que nos ha proporcionado ser\u00e1 incorporado a un sistema de tratamiento bajo la responsabilidad de GESTION INMOBILIARIA TURO SL con la finalidad de tramitar su solicitud de suscripci\u00f3n y poder remitirle peri\u00f3dicamente nuestro Newsletter. En cumplimiento con la normativa vigente, GESTION INMOBILIARIA TURO SL informa que los datos ser\u00e1n conservados mientras perdure el consentimiento prestado.<\/p>\n\t\t\t\t\t\t\t\t<\/div>\n\t\t\t\t<\/div>\n\t\t\t\t<div class=\"elementor-element elementor-element-868ec25 elementor-widget__width-initial elementor-widget elementor-widget-text-editor\" data-id=\"868ec25\" data-element_type=\"widget\" data-e-type=\"widget\" data-widget_type=\"text-editor.default\">\n\t\t\t\t<div class=\"elementor-widget-container\">\n\t\t\t\t\t\t\t\t\t<p>Le informamos que el tratamiento de sus datos est\u00e1 legitimado por su consentimiento.<\/p>\n\t\t\t\t\t\t\t\t<\/div>\n\t\t\t\t<\/div>\n\t\t\t\t<div class=\"elementor-element elementor-element-9e73681 elementor-widget__width-initial elementor-widget elementor-widget-text-editor\" data-id=\"9e73681\" data-element_type=\"widget\" data-e-type=\"widget\" data-widget_type=\"text-editor.default\">\n\t\t\t\t<div class=\"elementor-widget-container\">\n\t\t\t\t\t\t\t\t\t<p>Puede ejercer sus derechos de acceso, rectificaci\u00f3n, limitaci\u00f3n de tratamiento, supresi\u00f3n, portabilidad y oposici\u00f3n al tratamiento de sus datos de car\u00e1cter personal mediante un escrito a nuestra direcci\u00f3n BALMES 199 1\u00ba A 08006, BARCELONA.<\/p>\n\t\t\t\t\t\t\t\t<\/div>\n\t\t\t\t<\/div>\n\t\t\t\t<div class=\"elementor-element elementor-element-1d89a8e elementor-widget__width-initial elementor-widget elementor-widget-text-editor\" data-id=\"1d89a8e\" data-element_type=\"widget\" data-e-type=\"widget\" data-widget_type=\"text-editor.default\">\n\t\t\t\t<div class=\"elementor-widget-container\">\n\t\t\t\t\t\t\t\t\t<p>A su vez, le informamos que puede contactar con el Delegado de Protecci\u00f3n de Datos, dirigi\u00e9ndose por escrito a la direcci\u00f3n de correo dpd.cliente@conversia.es o al tel\u00e9fono 902 877 192. Asimismo, le informamos que podr\u00e1 revocar en cualquier momento el consentimiento prestado, cancelando su suscripci\u00f3n al Newsletter, enviando un e-mail a la direcci\u00f3n de correo electr\u00f3nico info@turo.es.<\/p>\n\t\t\t\t\t\t\t\t<\/div>\n\t\t\t\t<\/div>\n\t\t\t\t<div class=\"elementor-element elementor-element-88212d7 elementor-widget__width-initial elementor-widget elementor-widget-text-editor\" data-id=\"88212d7\" data-element_type=\"widget\" data-e-type=\"widget\" data-widget_type=\"text-editor.default\">\n\t\t\t\t<div class=\"elementor-widget-container\">\n\t\t\t\t\t\t\t\t\t<p>Podr\u00e1 dirigirse a la Autoridad de Control competente para presentar la reclamaci\u00f3n que considere oportuna.<\/p>\n\t\t\t\t\t\t\t\t<\/div>\n\t\t\t\t<\/div>\n\t\t\t\t<div class=\"elementor-element elementor-element-fad2d66 elementor-widget__width-initial elementor-widget elementor-widget-text-editor\" data-id=\"fad2d66\" data-element_type=\"widget\" data-e-type=\"widget\" data-widget_type=\"text-editor.default\">\n\t\t\t\t<div class=\"elementor-widget-container\">\n\t\t\t\t\t\t\t\t\t<p>La confirmaci\u00f3n de la suscripci\u00f3n implica la aceptaci\u00f3n de esta cl\u00e1usula.<\/p>\n\t\t\t\t\t\t\t\t<\/div>\n\t\t\t\t<\/div>\n\t\t\t\t\t<\/div>\n\t\t<\/div>\n\t\t\t\t\t<\/div>\n\t\t<\/section>\n\t\t\t\t<\/div>\n\t\t","protected":false},"excerpt":{"rendered":"<p>Cl\u00e1usula Newsletter De conformidad con lo establecido en la normativa vigente en Protecci\u00f3n de Datos de Car\u00e1cter Personal, le informamos que el correo electr\u00f3nico que nos ha proporcionado ser\u00e1 incorporado a un sistema de tratamiento bajo la responsabilidad de GESTION INMOBILIARIA TURO SL con la finalidad de tramitar su solicitud de suscripci\u00f3n y poder remitirle [&hellip;]<\/p>\n","protected":false},"author":2,"featured_media":0,"parent":0,"menu_order":0,"comment_status":"closed","ping_status":"closed","template":"","meta":{"_acf_changed":false,"inline_featured_image":false,"footnotes":""},"class_list":["post-1767","page","type-page","status-publish","hentry"],"acf":[],"yoast_head":"<!-- This site is optimized with the Yoast SEO plugin v27.5 - https:\/\/yoast.com\/product\/yoast-seo-wordpress\/ -->\n<title>\u25b7Cl\u00e1usula newsletter - \u3010 Turo Fincas \u3011<\/title>\n<meta name=\"description\" content=\"Cl\u00e1usula Newsletter De conformidad con lo establecido en la normativa vigente en Protecci\u00f3n de Datos de Car\u00e1cter Personal, le informamos que el correo \u2713\" \/>\n<meta name=\"robots\" content=\"index, follow, max-snippet:-1, max-image-preview:large, max-video-preview:-1\" \/>\n<link rel=\"canonical\" href=\"https:\/\/turofincas.com\/clausula-newsletter\/\" \/>\n<meta property=\"og:locale\" content=\"es_ES\" \/>\n<meta property=\"og:type\" content=\"article\" \/>\n<meta property=\"og:title\" content=\"\u25b7Cl\u00e1usula newsletter - \u3010 Turo Fincas \u3011\" \/>\n<meta property=\"og:description\" content=\"Cl\u00e1usula Newsletter De conformidad con lo establecido en la normativa vigente en Protecci\u00f3n de Datos de Car\u00e1cter Personal, le informamos que el correo \u2713\" \/>\n<meta property=\"og:url\" content=\"https:\/\/turofincas.com\/clausula-newsletter\/\" \/>\n<meta property=\"og:site_name\" content=\"Turo Fincas\" \/>\n<meta property=\"article:modified_time\" content=\"2024-02-07T08:52:57+00:00\" \/>\n<meta name=\"twitter:card\" content=\"summary_large_image\" \/>\n<meta name=\"twitter:label1\" content=\"Tiempo de lectura\" \/>\n\t<meta name=\"twitter:data1\" content=\"1 minuto\" \/>\n<script type=\"application\/ld+json\" class=\"yoast-schema-graph\">{\"@context\":\"https:\\\/\\\/schema.org\",\"@graph\":[{\"@type\":\"WebPage\",\"@id\":\"https:\\\/\\\/turofincas.com\\\/clausula-newsletter\\\/\",\"url\":\"https:\\\/\\\/turofincas.com\\\/clausula-newsletter\\\/\",\"name\":\"\u25b7Cl\u00e1usula newsletter - \u3010 Turo Fincas \u3011\",\"isPartOf\":{\"@id\":\"https:\\\/\\\/turofincas.com\\\/#website\"},\"datePublished\":\"2024-01-31T09:53:39+00:00\",\"dateModified\":\"2024-02-07T08:52:57+00:00\",\"description\":\"Cl\u00e1usula Newsletter De conformidad con lo establecido en la normativa vigente en Protecci\u00f3n de Datos de Car\u00e1cter Personal, le informamos que el correo \u2713\",\"breadcrumb\":{\"@id\":\"https:\\\/\\\/turofincas.com\\\/clausula-newsletter\\\/#breadcrumb\"},\"inLanguage\":\"es\",\"potentialAction\":[{\"@type\":\"ReadAction\",\"target\":[\"https:\\\/\\\/turofincas.com\\\/clausula-newsletter\\\/\"]}]},{\"@type\":\"BreadcrumbList\",\"@id\":\"https:\\\/\\\/turofincas.com\\\/clausula-newsletter\\\/#breadcrumb\",\"itemListElement\":[{\"@type\":\"ListItem\",\"position\":1,\"name\":\"Portada\",\"item\":\"https:\\\/\\\/turofincas.com\\\/es\\\/turo-fincas\\\/\"},{\"@type\":\"ListItem\",\"position\":2,\"name\":\"Cl\u00e1usula newsletter\"}]},{\"@type\":\"WebSite\",\"@id\":\"https:\\\/\\\/turofincas.com\\\/#website\",\"url\":\"https:\\\/\\\/turofincas.com\\\/\",\"name\":\"Turo Fincas\",\"description\":\"Turo Fincas\",\"publisher\":{\"@id\":\"https:\\\/\\\/turofincas.com\\\/#organization\"},\"potentialAction\":[{\"@type\":\"SearchAction\",\"target\":{\"@type\":\"EntryPoint\",\"urlTemplate\":\"https:\\\/\\\/turofincas.com\\\/?s={search_term_string}\"},\"query-input\":{\"@type\":\"PropertyValueSpecification\",\"valueRequired\":true,\"valueName\":\"search_term_string\"}}],\"inLanguage\":\"es\"},{\"@type\":\"Organization\",\"@id\":\"https:\\\/\\\/turofincas.com\\\/#organization\",\"name\":\"Turo Fincas\",\"url\":\"https:\\\/\\\/turofincas.com\\\/\",\"logo\":{\"@type\":\"ImageObject\",\"inLanguage\":\"es\",\"@id\":\"https:\\\/\\\/turofincas.com\\\/#\\\/schema\\\/logo\\\/image\\\/\",\"url\":\"https:\\\/\\\/turofincas.com\\\/wp-content\\\/uploads\\\/2021\\\/10\\\/logo-transp.png\",\"contentUrl\":\"https:\\\/\\\/turofincas.com\\\/wp-content\\\/uploads\\\/2021\\\/10\\\/logo-transp.png\",\"width\":605,\"height\":359,\"caption\":\"Turo Fincas\"},\"image\":{\"@id\":\"https:\\\/\\\/turofincas.com\\\/#\\\/schema\\\/logo\\\/image\\\/\"}}]}<\/script>\n<!-- \/ Yoast SEO plugin. -->","yoast_head_json":{"title":"\u25b7Cl\u00e1usula newsletter - \u3010 Turo Fincas \u3011","description":"Cl\u00e1usula Newsletter De conformidad con lo establecido en la normativa vigente en Protecci\u00f3n de Datos de Car\u00e1cter Personal, le informamos que el correo \u2713","robots":{"index":"index","follow":"follow","max-snippet":"max-snippet:-1","max-image-preview":"max-image-preview:large","max-video-preview":"max-video-preview:-1"},"canonical":"https:\/\/turofincas.com\/clausula-newsletter\/","og_locale":"es_ES","og_type":"article","og_title":"\u25b7Cl\u00e1usula newsletter - \u3010 Turo Fincas \u3011","og_description":"Cl\u00e1usula Newsletter De conformidad con lo establecido en la normativa vigente en Protecci\u00f3n de Datos de Car\u00e1cter Personal, le informamos que el correo \u2713","og_url":"https:\/\/turofincas.com\/clausula-newsletter\/","og_site_name":"Turo Fincas","article_modified_time":"2024-02-07T08:52:57+00:00","twitter_card":"summary_large_image","twitter_misc":{"Tiempo de lectura":"1 minuto"},"schema":{"@context":"https:\/\/schema.org","@graph":[{"@type":"WebPage","@id":"https:\/\/turofincas.com\/clausula-newsletter\/","url":"https:\/\/turofincas.com\/clausula-newsletter\/","name":"\u25b7Cl\u00e1usula newsletter - \u3010 Turo Fincas \u3011","isPartOf":{"@id":"https:\/\/turofincas.com\/#website"},"datePublished":"2024-01-31T09:53:39+00:00","dateModified":"2024-02-07T08:52:57+00:00","description":"Cl\u00e1usula Newsletter De conformidad con lo establecido en la normativa vigente en Protecci\u00f3n de Datos de Car\u00e1cter Personal, le informamos que el correo \u2713","breadcrumb":{"@id":"https:\/\/turofincas.com\/clausula-newsletter\/#breadcrumb"},"inLanguage":"es","potentialAction":[{"@type":"ReadAction","target":["https:\/\/turofincas.com\/clausula-newsletter\/"]}]},{"@type":"BreadcrumbList","@id":"https:\/\/turofincas.com\/clausula-newsletter\/#breadcrumb","itemListElement":[{"@type":"ListItem","position":1,"name":"Portada","item":"https:\/\/turofincas.com\/es\/turo-fincas\/"},{"@type":"ListItem","position":2,"name":"Cl\u00e1usula newsletter"}]},{"@type":"WebSite","@id":"https:\/\/turofincas.com\/#website","url":"https:\/\/turofincas.com\/","name":"Turo Fincas","description":"Turo Fincas","publisher":{"@id":"https:\/\/turofincas.com\/#organization"},"potentialAction":[{"@type":"SearchAction","target":{"@type":"EntryPoint","urlTemplate":"https:\/\/turofincas.com\/?s={search_term_string}"},"query-input":{"@type":"PropertyValueSpecification","valueRequired":true,"valueName":"search_term_string"}}],"inLanguage":"es"},{"@type":"Organization","@id":"https:\/\/turofincas.com\/#organization","name":"Turo Fincas","url":"https:\/\/turofincas.com\/","logo":{"@type":"ImageObject","inLanguage":"es","@id":"https:\/\/turofincas.com\/#\/schema\/logo\/image\/","url":"https:\/\/turofincas.com\/wp-content\/uploads\/2021\/10\/logo-transp.png","contentUrl":"https:\/\/turofincas.com\/wp-content\/uploads\/2021\/10\/logo-transp.png","width":605,"height":359,"caption":"Turo Fincas"},"image":{"@id":"https:\/\/turofincas.com\/#\/schema\/logo\/image\/"}}]}},"_links":{"self":[{"href":"https:\/\/turofincas.com\/es\/wp-json\/wp\/v2\/pages\/1767","targetHints":{"allow":["GET"]}}],"collection":[{"href":"https:\/\/turofincas.com\/es\/wp-json\/wp\/v2\/pages"}],"about":[{"href":"https:\/\/turofincas.com\/es\/wp-json\/wp\/v2\/types\/page"}],"author":[{"embeddable":true,"href":"https:\/\/turofincas.com\/es\/wp-json\/wp\/v2\/users\/2"}],"replies":[{"embeddable":true,"href":"https:\/\/turofincas.com\/es\/wp-json\/wp\/v2\/comments?post=1767"}],"version-history":[{"count":5,"href":"https:\/\/turofincas.com\/es\/wp-json\/wp\/v2\/pages\/1767\/revisions"}],"predecessor-version":[{"id":1980,"href":"https:\/\/turofincas.com\/es\/wp-json\/wp\/v2\/pages\/1767\/revisions\/1980"}],"wp:attachment":[{"href":"https:\/\/turofincas.com\/es\/wp-json\/wp\/v2\/media?parent=1767"}],"curies":[{"name":"wp","href":"https:\/\/api.w.org\/{rel}","templated":true}]}}