{"id":1759,"date":"2024-01-31T13:18:25","date_gmt":"2024-01-31T12:18:25","guid":{"rendered":"https:\/\/turofincas.com\/clausula-formulari-web\/"},"modified":"2024-02-06T13:09:41","modified_gmt":"2024-02-06T12:09:41","slug":"clausula-formulari-web","status":"publish","type":"page","link":"https:\/\/turofincas.com\/es\/clausula-formulari-web\/","title":{"rendered":"Clausula Formulari Web"},"content":{"rendered":"\t\t<div data-elementor-type=\"wp-page\" data-elementor-id=\"1759\" class=\"elementor elementor-1759 elementor-1701\" data-elementor-post-type=\"page\">\n\t\t\t\t\t\t<section class=\"elementor-section elementor-top-section elementor-element elementor-element-ce57256 elementor-section-boxed elementor-section-height-default elementor-section-height-default\" data-id=\"ce57256\" data-element_type=\"section\" data-e-type=\"section\">\n\t\t\t\t\t\t<div class=\"elementor-container elementor-column-gap-default\">\n\t\t\t\t\t<div class=\"elementor-column elementor-col-100 elementor-top-column elementor-element elementor-element-7cdd71a\" data-id=\"7cdd71a\" data-element_type=\"column\" data-e-type=\"column\">\n\t\t\t<div class=\"elementor-widget-wrap elementor-element-populated\">\n\t\t\t\t\t\t<div class=\"elementor-element elementor-element-eab0610 elementor-widget elementor-widget-heading\" data-id=\"eab0610\" data-element_type=\"widget\" data-e-type=\"widget\" data-widget_type=\"heading.default\">\n\t\t\t\t<div class=\"elementor-widget-container\">\n\t\t\t\t\t<h2 class=\"elementor-heading-title elementor-size-default\">Cl\u00e1usula formulario web<\/h2>\t\t\t\t<\/div>\n\t\t\t\t<\/div>\n\t\t\t\t<div class=\"elementor-element elementor-element-5d361b5 elementor-widget-divider--view-line elementor-widget elementor-widget-divider\" data-id=\"5d361b5\" data-element_type=\"widget\" data-e-type=\"widget\" data-widget_type=\"divider.default\">\n\t\t\t\t<div class=\"elementor-widget-container\">\n\t\t\t\t\t\t\t<div class=\"elementor-divider\">\n\t\t\t<span class=\"elementor-divider-separator\">\n\t\t\t\t\t\t<\/span>\n\t\t<\/div>\n\t\t\t\t\t\t<\/div>\n\t\t\t\t<\/div>\n\t\t\t\t\t<\/div>\n\t\t<\/div>\n\t\t\t\t\t<\/div>\n\t\t<\/section>\n\t\t\t\t<section class=\"elementor-section elementor-top-section elementor-element elementor-element-2f9e96c elementor-section-boxed elementor-section-height-default elementor-section-height-default\" data-id=\"2f9e96c\" data-element_type=\"section\" data-e-type=\"section\">\n\t\t\t\t\t\t<div class=\"elementor-container elementor-column-gap-default\">\n\t\t\t\t\t<div class=\"elementor-column elementor-col-100 elementor-top-column elementor-element elementor-element-1c0a7cf\" data-id=\"1c0a7cf\" data-element_type=\"column\" data-e-type=\"column\">\n\t\t\t<div class=\"elementor-widget-wrap elementor-element-populated\">\n\t\t\t\t\t\t<div class=\"elementor-element elementor-element-0a07baf elementor-widget__width-initial elementor-widget elementor-widget-text-editor\" data-id=\"0a07baf\" data-element_type=\"widget\" data-e-type=\"widget\" data-widget_type=\"text-editor.default\">\n\t\t\t\t<div class=\"elementor-widget-container\">\n\t\t\t\t\t\t\t\t\t<p>De conformidad con lo establecido en la normativa vigente en Protecci\u00f3n de Datos de Car\u00e1cter Personal, le informamos que sus datos ser\u00e1n incorporados al sistema de tratamiento titularidad de GESTION INMOBILIARIA TURO SL con CIF B60991221 y domicilio social sito en BALMES 199 1\u00ba A 08006, BARCELONA, con la finalidad de atender sus consultas. En cumplimiento con la normativa vigente, GESTION INMOBILIARIA TURO SL informa que los datos ser\u00e1n conservados durante el plazo estrictamente necesario para cumplir con los preceptos mencionados con anterioridad.<\/p>\n<p>Le informamos que trataremos sus datos conforme a la existencia de su consentimiento.<\/p>\n<p>GESTION INMOBILIARIA TURO SL informa que proceder\u00e1 a tratar los datos de manera l\u00edcita, leal, transparente, adecuada, pertinente, limitada, exacta y actualizada. Es por ello que GESTION INMOBILIARIA TURO SL se compromete a adoptar todas las medidas razonables para que estos se supriman o rectifiquen sin dilaci\u00f3n cuando sean inexactos.<\/p>\n<p>De acuerdo con los derechos que le confiere el la normativa vigente en protecci\u00f3n de datos podr\u00e1 ejercer los derechos de acceso, rectificaci\u00f3n, limitaci\u00f3n de tratamiento, supresi\u00f3n, portabilidad y oposici\u00f3n al tratamiento de sus datos de car\u00e1cter personal as\u00ed como del consentimiento prestado para el tratamiento de los mismos, dirigiendo su petici\u00f3n a la direcci\u00f3n postal indicada m\u00e1s arriba o al correo electr\u00f3nico info@turo.es.<\/p>\n<p>A su vez, le informamos que puede contactar con el Delegado de Protecci\u00f3n de Datos, dirigi\u00e9ndose por escrito a la direcci\u00f3n de correo dpd.cliente@conversia.es o al tel\u00e9fono 902 877 192.<\/p>\n<p>Le informamos que podr\u00e1 revocar en cualquier momento el consentimiento prestado mandando un correo electr\u00f3nico a la direcci\u00f3n: info@turo.es.<\/p>\n<p>Podr\u00e1 dirigirse a la Autoridad de Control competente para presentar la reclamaci\u00f3n que considere oportuna.<\/p>\n<p>El env\u00edo de estos datos implica la aceptaci\u00f3n de esta cl\u00e1usula.<\/p>\n\t\t\t\t\t\t\t\t<\/div>\n\t\t\t\t<\/div>\n\t\t\t\t\t<\/div>\n\t\t<\/div>\n\t\t\t\t\t<\/div>\n\t\t<\/section>\n\t\t\t\t<\/div>\n\t\t","protected":false},"excerpt":{"rendered":"<p>Cl\u00e1usula formulario web De conformidad con lo establecido en la normativa vigente en Protecci\u00f3n de Datos de Car\u00e1cter Personal, le informamos que sus datos ser\u00e1n incorporados al sistema de tratamiento titularidad de GESTION INMOBILIARIA TURO SL con CIF B60991221 y domicilio social sito en BALMES 199 1\u00ba A 08006, BARCELONA, con la finalidad de atender [&hellip;]<\/p>\n","protected":false},"author":2,"featured_media":0,"parent":0,"menu_order":0,"comment_status":"closed","ping_status":"closed","template":"","meta":{"_acf_changed":false,"inline_featured_image":false,"footnotes":""},"class_list":["post-1759","page","type-page","status-publish","hentry"],"acf":[],"yoast_head":"<!-- This site is optimized with the Yoast SEO plugin v27.5 - https:\/\/yoast.com\/product\/yoast-seo-wordpress\/ -->\n<title>\u25b7Clausula Formulari Web - \u3010 Turo Fincas \u3011<\/title>\n<meta name=\"description\" content=\"Cl\u00e1usula formulario web De conformidad con lo establecido en la normativa vigente en Protecci\u00f3n de Datos de Car\u00e1cter Personal, le informamos que sus datos \u2713\" \/>\n<meta name=\"robots\" content=\"index, follow, max-snippet:-1, max-image-preview:large, max-video-preview:-1\" \/>\n<link rel=\"canonical\" href=\"https:\/\/turofincas.com\/es\/clausula-formulari-web\/\" \/>\n<meta property=\"og:locale\" content=\"es_ES\" \/>\n<meta property=\"og:type\" content=\"article\" \/>\n<meta property=\"og:title\" content=\"\u25b7Clausula Formulari Web - \u3010 Turo Fincas \u3011\" \/>\n<meta property=\"og:description\" content=\"Cl\u00e1usula formulario web De conformidad con lo establecido en la normativa vigente en Protecci\u00f3n de Datos de Car\u00e1cter Personal, le informamos que sus datos \u2713\" \/>\n<meta property=\"og:url\" content=\"https:\/\/turofincas.com\/es\/clausula-formulari-web\/\" \/>\n<meta property=\"og:site_name\" content=\"Turo Fincas\" \/>\n<meta property=\"article:modified_time\" content=\"2024-02-06T12:09:41+00:00\" \/>\n<meta name=\"twitter:card\" content=\"summary_large_image\" \/>\n<meta name=\"twitter:label1\" content=\"Tiempo de lectura\" \/>\n\t<meta name=\"twitter:data1\" content=\"2 minutos\" \/>\n<script type=\"application\/ld+json\" class=\"yoast-schema-graph\">{\"@context\":\"https:\\\/\\\/schema.org\",\"@graph\":[{\"@type\":\"WebPage\",\"@id\":\"https:\\\/\\\/turofincas.com\\\/es\\\/clausula-formulari-web\\\/\",\"url\":\"https:\\\/\\\/turofincas.com\\\/es\\\/clausula-formulari-web\\\/\",\"name\":\"\u25b7Clausula Formulari Web - \u3010 Turo Fincas \u3011\",\"isPartOf\":{\"@id\":\"https:\\\/\\\/turofincas.com\\\/#website\"},\"datePublished\":\"2024-01-31T12:18:25+00:00\",\"dateModified\":\"2024-02-06T12:09:41+00:00\",\"description\":\"Cl\u00e1usula formulario web De conformidad con lo establecido en la normativa vigente en Protecci\u00f3n de Datos de Car\u00e1cter Personal, le informamos que sus datos \u2713\",\"breadcrumb\":{\"@id\":\"https:\\\/\\\/turofincas.com\\\/es\\\/clausula-formulari-web\\\/#breadcrumb\"},\"inLanguage\":\"es\",\"potentialAction\":[{\"@type\":\"ReadAction\",\"target\":[\"https:\\\/\\\/turofincas.com\\\/es\\\/clausula-formulari-web\\\/\"]}]},{\"@type\":\"BreadcrumbList\",\"@id\":\"https:\\\/\\\/turofincas.com\\\/es\\\/clausula-formulari-web\\\/#breadcrumb\",\"itemListElement\":[{\"@type\":\"ListItem\",\"position\":1,\"name\":\"Portada\",\"item\":\"https:\\\/\\\/turofincas.com\\\/es\\\/turo-fincas\\\/\"},{\"@type\":\"ListItem\",\"position\":2,\"name\":\"Clausula Formulari Web\"}]},{\"@type\":\"WebSite\",\"@id\":\"https:\\\/\\\/turofincas.com\\\/#website\",\"url\":\"https:\\\/\\\/turofincas.com\\\/\",\"name\":\"Turo Fincas\",\"description\":\"Turo Fincas\",\"publisher\":{\"@id\":\"https:\\\/\\\/turofincas.com\\\/#organization\"},\"potentialAction\":[{\"@type\":\"SearchAction\",\"target\":{\"@type\":\"EntryPoint\",\"urlTemplate\":\"https:\\\/\\\/turofincas.com\\\/?s={search_term_string}\"},\"query-input\":{\"@type\":\"PropertyValueSpecification\",\"valueRequired\":true,\"valueName\":\"search_term_string\"}}],\"inLanguage\":\"es\"},{\"@type\":\"Organization\",\"@id\":\"https:\\\/\\\/turofincas.com\\\/#organization\",\"name\":\"Turo Fincas\",\"url\":\"https:\\\/\\\/turofincas.com\\\/\",\"logo\":{\"@type\":\"ImageObject\",\"inLanguage\":\"es\",\"@id\":\"https:\\\/\\\/turofincas.com\\\/#\\\/schema\\\/logo\\\/image\\\/\",\"url\":\"https:\\\/\\\/turofincas.com\\\/wp-content\\\/uploads\\\/2021\\\/10\\\/logo-transp.png\",\"contentUrl\":\"https:\\\/\\\/turofincas.com\\\/wp-content\\\/uploads\\\/2021\\\/10\\\/logo-transp.png\",\"width\":605,\"height\":359,\"caption\":\"Turo Fincas\"},\"image\":{\"@id\":\"https:\\\/\\\/turofincas.com\\\/#\\\/schema\\\/logo\\\/image\\\/\"}}]}<\/script>\n<!-- \/ Yoast SEO plugin. -->","yoast_head_json":{"title":"\u25b7Clausula Formulari Web - \u3010 Turo Fincas \u3011","description":"Cl\u00e1usula formulario web De conformidad con lo establecido en la normativa vigente en Protecci\u00f3n de Datos de Car\u00e1cter Personal, le informamos que sus datos \u2713","robots":{"index":"index","follow":"follow","max-snippet":"max-snippet:-1","max-image-preview":"max-image-preview:large","max-video-preview":"max-video-preview:-1"},"canonical":"https:\/\/turofincas.com\/es\/clausula-formulari-web\/","og_locale":"es_ES","og_type":"article","og_title":"\u25b7Clausula Formulari Web - \u3010 Turo Fincas \u3011","og_description":"Cl\u00e1usula formulario web De conformidad con lo establecido en la normativa vigente en Protecci\u00f3n de Datos de Car\u00e1cter Personal, le informamos que sus datos \u2713","og_url":"https:\/\/turofincas.com\/es\/clausula-formulari-web\/","og_site_name":"Turo Fincas","article_modified_time":"2024-02-06T12:09:41+00:00","twitter_card":"summary_large_image","twitter_misc":{"Tiempo de lectura":"2 minutos"},"schema":{"@context":"https:\/\/schema.org","@graph":[{"@type":"WebPage","@id":"https:\/\/turofincas.com\/es\/clausula-formulari-web\/","url":"https:\/\/turofincas.com\/es\/clausula-formulari-web\/","name":"\u25b7Clausula Formulari Web - \u3010 Turo Fincas \u3011","isPartOf":{"@id":"https:\/\/turofincas.com\/#website"},"datePublished":"2024-01-31T12:18:25+00:00","dateModified":"2024-02-06T12:09:41+00:00","description":"Cl\u00e1usula formulario web De conformidad con lo establecido en la normativa vigente en Protecci\u00f3n de Datos de Car\u00e1cter Personal, le informamos que sus datos \u2713","breadcrumb":{"@id":"https:\/\/turofincas.com\/es\/clausula-formulari-web\/#breadcrumb"},"inLanguage":"es","potentialAction":[{"@type":"ReadAction","target":["https:\/\/turofincas.com\/es\/clausula-formulari-web\/"]}]},{"@type":"BreadcrumbList","@id":"https:\/\/turofincas.com\/es\/clausula-formulari-web\/#breadcrumb","itemListElement":[{"@type":"ListItem","position":1,"name":"Portada","item":"https:\/\/turofincas.com\/es\/turo-fincas\/"},{"@type":"ListItem","position":2,"name":"Clausula Formulari Web"}]},{"@type":"WebSite","@id":"https:\/\/turofincas.com\/#website","url":"https:\/\/turofincas.com\/","name":"Turo Fincas","description":"Turo Fincas","publisher":{"@id":"https:\/\/turofincas.com\/#organization"},"potentialAction":[{"@type":"SearchAction","target":{"@type":"EntryPoint","urlTemplate":"https:\/\/turofincas.com\/?s={search_term_string}"},"query-input":{"@type":"PropertyValueSpecification","valueRequired":true,"valueName":"search_term_string"}}],"inLanguage":"es"},{"@type":"Organization","@id":"https:\/\/turofincas.com\/#organization","name":"Turo Fincas","url":"https:\/\/turofincas.com\/","logo":{"@type":"ImageObject","inLanguage":"es","@id":"https:\/\/turofincas.com\/#\/schema\/logo\/image\/","url":"https:\/\/turofincas.com\/wp-content\/uploads\/2021\/10\/logo-transp.png","contentUrl":"https:\/\/turofincas.com\/wp-content\/uploads\/2021\/10\/logo-transp.png","width":605,"height":359,"caption":"Turo Fincas"},"image":{"@id":"https:\/\/turofincas.com\/#\/schema\/logo\/image\/"}}]}},"_links":{"self":[{"href":"https:\/\/turofincas.com\/es\/wp-json\/wp\/v2\/pages\/1759","targetHints":{"allow":["GET"]}}],"collection":[{"href":"https:\/\/turofincas.com\/es\/wp-json\/wp\/v2\/pages"}],"about":[{"href":"https:\/\/turofincas.com\/es\/wp-json\/wp\/v2\/types\/page"}],"author":[{"embeddable":true,"href":"https:\/\/turofincas.com\/es\/wp-json\/wp\/v2\/users\/2"}],"replies":[{"embeddable":true,"href":"https:\/\/turofincas.com\/es\/wp-json\/wp\/v2\/comments?post=1759"}],"version-history":[{"count":5,"href":"https:\/\/turofincas.com\/es\/wp-json\/wp\/v2\/pages\/1759\/revisions"}],"predecessor-version":[{"id":1899,"href":"https:\/\/turofincas.com\/es\/wp-json\/wp\/v2\/pages\/1759\/revisions\/1899"}],"wp:attachment":[{"href":"https:\/\/turofincas.com\/es\/wp-json\/wp\/v2\/media?parent=1759"}],"curies":[{"name":"wp","href":"https:\/\/api.w.org\/{rel}","templated":true}]}}