{"id":1777,"date":"2021-10-18T07:29:35","date_gmt":"2021-10-18T05:29:35","guid":{"rendered":"https:\/\/turofincas.com\/politica-de-cookies\/"},"modified":"2024-02-07T10:58:35","modified_gmt":"2024-02-07T09:58:35","slug":"politica-de-cookies","status":"publish","type":"page","link":"https:\/\/turofincas.com\/en\/politica-de-cookies\/","title":{"rendered":"Pol\u00edtica de cookies"},"content":{"rendered":"\t\t<div data-elementor-type=\"wp-page\" data-elementor-id=\"1777\" class=\"elementor elementor-1777 elementor-506\" data-elementor-post-type=\"page\">\n\t\t\t\t\t\t<section class=\"elementor-section elementor-top-section elementor-element elementor-element-1dee3be elementor-section-boxed elementor-section-height-default elementor-section-height-default\" data-id=\"1dee3be\" data-element_type=\"section\" data-e-type=\"section\">\n\t\t\t\t\t\t<div class=\"elementor-container elementor-column-gap-default\">\n\t\t\t\t\t<div class=\"elementor-column elementor-col-100 elementor-top-column elementor-element elementor-element-ce5d0f4\" data-id=\"ce5d0f4\" data-element_type=\"column\" data-e-type=\"column\">\n\t\t\t<div class=\"elementor-widget-wrap elementor-element-populated\">\n\t\t\t\t\t\t<div class=\"elementor-element elementor-element-4782bac elementor-widget elementor-widget-heading\" data-id=\"4782bac\" data-element_type=\"widget\" data-e-type=\"widget\" data-widget_type=\"heading.default\">\n\t\t\t\t<div class=\"elementor-widget-container\">\n\t\t\t\t\t<h2 class=\"elementor-heading-title elementor-size-default\">Politica de Cookies<\/h2>\t\t\t\t<\/div>\n\t\t\t\t<\/div>\n\t\t\t\t<div class=\"elementor-element elementor-element-146b2b8 elementor-widget-divider--view-line elementor-widget elementor-widget-divider\" data-id=\"146b2b8\" data-element_type=\"widget\" data-e-type=\"widget\" data-widget_type=\"divider.default\">\n\t\t\t\t<div class=\"elementor-widget-container\">\n\t\t\t\t\t\t\t<div class=\"elementor-divider\">\n\t\t\t<span class=\"elementor-divider-separator\">\n\t\t\t\t\t\t<\/span>\n\t\t<\/div>\n\t\t\t\t\t\t<\/div>\n\t\t\t\t<\/div>\n\t\t\t\t<div class=\"elementor-element elementor-element-f6ec363 elementor-widget__width-initial elementor-widget elementor-widget-text-editor\" data-id=\"f6ec363\" data-element_type=\"widget\" data-e-type=\"widget\" data-widget_type=\"text-editor.default\">\n\t\t\t\t<div class=\"elementor-widget-container\">\n\t\t\t\t\t\t\t\t\t<p>Una Cookie es un fichero que se descarga en su ordenador al acceder a determinadas p\u00e1ginas web. Las cookies permiten a una p\u00e1gina web, entre otras cosas, almacenar y recuperar informaci\u00f3n sobre los h\u00e1bitos de navegaci\u00f3n de un usuario o de su equipo y, dependiendo de la informaci\u00f3n que contenga y de la forma en que utilice su equipo, pueden utilizarse para reconocer al usuario.<\/p>\n\t\t\t\t\t\t\t\t<\/div>\n\t\t\t\t<\/div>\n\t\t\t\t<div class=\"elementor-element elementor-element-201ce96 elementor-widget__width-initial elementor-widget elementor-widget-text-editor\" data-id=\"201ce96\" data-element_type=\"widget\" data-e-type=\"widget\" data-widget_type=\"text-editor.default\">\n\t\t\t\t<div class=\"elementor-widget-container\">\n\t\t\t\t\t\t\t\t\t<p>Las cookies son esenciales para el funcionamiento de internet, aportando innumerables ventajas en la prestaci\u00f3n de servicios interactivos, facilit\u00e1ndole la navegaci\u00f3n y usabilidad de nuestra web.<\/p>\n\t\t\t\t\t\t\t\t<\/div>\n\t\t\t\t<\/div>\n\t\t\t\t<div class=\"elementor-element elementor-element-01a6a37 elementor-widget__width-initial elementor-widget elementor-widget-text-editor\" data-id=\"01a6a37\" data-element_type=\"widget\" data-e-type=\"widget\" data-widget_type=\"text-editor.default\">\n\t\t\t\t<div class=\"elementor-widget-container\">\n\t\t\t\t\t\t\t\t\t<p>La informaci\u00f3n que le proporcionamos a continuaci\u00f3n, le ayudar\u00e1 a comprender los diferentes tipos de cookies:<\/p>\n\t\t\t\t\t\t\t\t<\/div>\n\t\t\t\t<\/div>\n\t\t\t\t\t<\/div>\n\t\t<\/div>\n\t\t\t\t\t<\/div>\n\t\t<\/section>\n\t\t\t\t<section class=\"elementor-section elementor-top-section elementor-element elementor-element-2231d81 elementor-section-boxed elementor-section-height-default elementor-section-height-default\" data-id=\"2231d81\" data-element_type=\"section\" data-e-type=\"section\">\n\t\t\t\t\t\t<div class=\"elementor-container elementor-column-gap-default\">\n\t\t\t\t\t<div class=\"elementor-column elementor-col-100 elementor-top-column elementor-element elementor-element-f72bc9d\" data-id=\"f72bc9d\" data-element_type=\"column\" data-e-type=\"column\">\n\t\t\t<div class=\"elementor-widget-wrap elementor-element-populated\">\n\t\t\t\t\t\t<div class=\"elementor-element elementor-element-21b3be7 elementor-widget__width-initial elementor-widget elementor-widget-text-editor\" data-id=\"21b3be7\" data-element_type=\"widget\" data-e-type=\"widget\" data-widget_type=\"text-editor.default\">\n\t\t\t\t<div class=\"elementor-widget-container\">\n\t\t\t\t\t\t\t\t\t<table>\n<tbody>\n<tr>\n<th>\n<p>Tipos de cookies<\/p>\n<\/th>\n<th> <\/th>\n<th> <\/th>\n<\/tr>\n<tr>\n<th>\n<p>SEG\u00daN LA ENTIDAD QUE LAS GESTIONE<\/p>\n<\/th>\n<th>\n<p>COOKIES PROPIAS<\/p>\n<\/th>\n<th>\n<p>Son aquellas que se recaban por el propio editor para prestar el servicio solicitado por el usuario.<\/p>\n<\/th>\n<\/tr>\n<tr>\n<th> <\/th>\n<th>\n<p>COOKIES DE TERCERO<\/p>\n<\/th>\n<th>\n<p>Son aquellas que son recabadas y gestionadas por un tercero, por tanto, estas no se pueden considerar propias.<\/p>\n<\/th>\n<\/tr>\n<tr>\n<th>\n<p>SEG\u00daN EL PLAZO DE TIEMPO QUE PERMANEZCAN ACTIVADAS<\/p>\n<\/th>\n<th>\n<p>COOKIES DE SESI\u00d3N<\/p>\n<\/th>\n<th>\n<p>Recaban datos mientras el usuario navega por la red con la finalidad de prestar el servicio solicitado.<\/p>\n<\/th>\n<\/tr>\n<tr>\n<th> <\/th>\n<th>\n<p>COOKIES PERSISTENTES<\/p>\n<\/th>\n<th>\n<p>Se almacenan en el terminal. La informaci\u00f3n obtenida ser\u00e1 utilizada por el responsable de la cookie con la finalidad de prestar el servicio solicitado.<\/p>\n<\/th>\n<\/tr>\n<tr>\n<th>\n<p>SEG\u00daN SU FINALIDAD<\/p>\n<\/th>\n<th>\n<p>COOKIES T\u00c9CNICAS<\/p>\n<\/th>\n<th>\n<p>Son las necesarias para la correcta navegaci\u00f3n por la web.<\/p>\n<\/th>\n<\/tr>\n<tr>\n<th> <\/th>\n<th>\n<p>COOKIES DE PERSONALIZACI\u00d3N<\/p>\n<\/th>\n<th>\n<p>Permiten aplicar caracter\u00edsticas propias para la<\/p>\n<p>navegaci\u00f3n del usuario por el website (Ej. idioma).<\/p>\n<\/th>\n<\/tr>\n<tr>\n<th> <\/th>\n<th>\n<p>COOKIES DE AN\u00c1LISIS<\/p>\n<\/th>\n<th>\n<p>Permiten al prestador el an\u00e1lisis vinculado a la<\/p>\n<p>navegaci\u00f3n realizada por el usuario, con la<\/p>\n<p>finalidad de llevar un seguimiento de uso de la<\/p>\n<p>p\u00e1gina web, as\u00ed como realizar estad\u00edsticas de los<\/p>\n<p>contenidos m\u00e1s visitados, n\u00famero de visitantes,<\/p>\n<p>etc.<\/p>\n<\/th>\n<\/tr>\n<tr>\n<th> <\/th>\n<th>\n<p>COOKIES PUBLICITARIAS<\/p>\n<\/th>\n<th>\n<p>Permiten al editor incluir en la web espacios<\/p>\n<p>publicitarios, seg\u00fan el contenido de la propia web.<\/p>\n<\/th>\n<\/tr>\n<tr>\n<th> <\/th>\n<th>\n<p>COOKIES DE PUBLICIDAD<\/p>\n<p>COMPORTAMENTAL<\/p>\n<\/th>\n<th>\n<p>Permiten al editor incluir en la p\u00e1gina web<\/p>\n<p>espacios publicitarios seg\u00fan la informaci\u00f3n<\/p>\n<p>obtenida a trav\u00e9s de los h\u00e1bitos de navegaci\u00f3n del<\/p>\n<p>usuario.<\/p>\n<\/th>\n<\/tr>\n<\/tbody>\n<\/table>\n\t\t\t\t\t\t\t\t<\/div>\n\t\t\t\t<\/div>\n\t\t\t\t\t<\/div>\n\t\t<\/div>\n\t\t\t\t\t<\/div>\n\t\t<\/section>\n\t\t\t\t<section class=\"elementor-section elementor-top-section elementor-element elementor-element-0cd91e6 elementor-section-boxed elementor-section-height-default elementor-section-height-default\" data-id=\"0cd91e6\" data-element_type=\"section\" data-e-type=\"section\">\n\t\t\t\t\t\t<div class=\"elementor-container elementor-column-gap-default\">\n\t\t\t\t\t<div class=\"elementor-column elementor-col-100 elementor-top-column elementor-element elementor-element-45b0e79\" data-id=\"45b0e79\" data-element_type=\"column\" data-e-type=\"column\">\n\t\t\t<div class=\"elementor-widget-wrap elementor-element-populated\">\n\t\t\t\t\t\t<div class=\"elementor-element elementor-element-1b0a080 elementor-widget__width-initial elementor-widget elementor-widget-text-editor\" data-id=\"1b0a080\" data-element_type=\"widget\" data-e-type=\"widget\" data-widget_type=\"text-editor.default\">\n\t\t\t\t<div class=\"elementor-widget-container\">\n\t\t\t\t\t\t\t\t\t<p>Seg\u00fan lo dispuesto en el art\u00edculo 22.2 de la Ley 34\/2002, de 11 de julio, de Servicios de la Sociedad de la Informaci\u00f3n y de Comercio Electr\u00f3nico (LSSI-CE), GESTION INMOBILIARIA TURO SL informa de las cookies utilizadas en nuestra website:<\/p>\n\t\t\t\t\t\t\t\t<\/div>\n\t\t\t\t<\/div>\n\t\t\t\t<div class=\"elementor-element elementor-element-5357f3f elementor-widget__width-initial elementor-widget elementor-widget-text-editor\" data-id=\"5357f3f\" data-element_type=\"widget\" data-e-type=\"widget\" data-widget_type=\"text-editor.default\">\n\t\t\t\t<div class=\"elementor-widget-container\">\n\t\t\t\t\t\t\t\t\t<table>\n<tbody>\n<tr>\n<th>\n<p>Tipos de cookies<\/p>\n<\/th>\n<th>\n<p>Cookies propias<\/p>\n<\/th>\n<th>\n<p>Cookies de terceros<\/p>\n<\/th>\n<th>\n<p>Cookies de sesi\u00f3n<\/p>\n<\/th>\n<th>\n<p>Cookies peristentes<\/p>\n<\/th>\n<\/tr>\n<tr>\n<th>\n<p>Cookies t\u00e9cnicas<\/p>\n<\/th>\n<th>\n<p>S\u00ed<\/p>\n<\/th>\n<th>\n<p>S\u00ed<\/p>\n<\/th>\n<th>\n<p>S\u00ed<\/p>\n<\/th>\n<th>\n<p>S\u00ed<\/p>\n<\/th>\n<\/tr>\n<tr>\n<th>\n<p>Cookies de personalizaci\u00f3n<\/p>\n<\/th>\n<th> <\/th>\n<th> <\/th>\n<th> <\/th>\n<th> <\/th>\n<\/tr>\n<tr>\n<th>\n<p>Cookies de an\u00e1lisis<\/p>\n<\/th>\n<th> <\/th>\n<th>\n<p>S\u00ed<\/p>\n<\/th>\n<th> <\/th>\n<th> <\/th>\n<\/tr>\n<tr>\n<th>\n<p>Cookies publicitarias<\/p>\n<\/th>\n<th> <\/th>\n<th> <\/th>\n<th> <\/th>\n<th> <\/th>\n<\/tr>\n<tr>\n<th>\n<p>Cookies de publicidad comportamental<\/p>\n<\/th>\n<th> <\/th>\n<th> <\/th>\n<th> <\/th>\n<th> <\/th>\n<\/tr>\n<\/tbody>\n<\/table>\n\t\t\t\t\t\t\t\t<\/div>\n\t\t\t\t<\/div>\n\t\t\t\t\t<\/div>\n\t\t<\/div>\n\t\t\t\t\t<\/div>\n\t\t<\/section>\n\t\t\t\t<section class=\"elementor-section elementor-top-section elementor-element elementor-element-c42985e elementor-section-boxed elementor-section-height-default elementor-section-height-default\" data-id=\"c42985e\" data-element_type=\"section\" data-e-type=\"section\">\n\t\t\t\t\t\t<div class=\"elementor-container elementor-column-gap-default\">\n\t\t\t\t\t<div class=\"elementor-column elementor-col-100 elementor-top-column elementor-element elementor-element-fc8e41b\" data-id=\"fc8e41b\" data-element_type=\"column\" data-e-type=\"column\">\n\t\t\t<div class=\"elementor-widget-wrap elementor-element-populated\">\n\t\t\t\t\t\t<div class=\"elementor-element elementor-element-b2f296d elementor-widget__width-initial elementor-widget elementor-widget-text-editor\" data-id=\"b2f296d\" data-element_type=\"widget\" data-e-type=\"widget\" data-widget_type=\"text-editor.default\">\n\t\t\t\t<div class=\"elementor-widget-container\">\n\t\t\t\t\t\t\t\t\t<p>Asimismo, GESTION INMOBILIARIA TURO SL informa al usuario de que tiene la posibilidad de configurar su navegador de modo que se le informe de la recepci\u00f3n de cookies, pudiendo, si as\u00ed lo desea, impedir que sean instaladas en su disco duro.<\/p>\n\t\t\t\t\t\t\t\t<\/div>\n\t\t\t\t<\/div>\n\t\t\t\t<div class=\"elementor-element elementor-element-8e60d1c elementor-widget__width-initial elementor-widget elementor-widget-text-editor\" data-id=\"8e60d1c\" data-element_type=\"widget\" data-e-type=\"widget\" data-widget_type=\"text-editor.default\">\n\t\t\t\t<div class=\"elementor-widget-container\">\n\t\t\t\t\t\t\t\t\t<p>A continuaci\u00f3n le proporcionamos los enlaces de diversos navegadores, a trav\u00e9s de los cuales podr\u00e1 realizar dicha configuraci\u00f3n:<\/p>\n\t\t\t\t\t\t\t\t<\/div>\n\t\t\t\t<\/div>\n\t\t\t\t<div class=\"elementor-element elementor-element-d8b4360 elementor-widget__width-initial elementor-widget elementor-widget-text-editor\" data-id=\"d8b4360\" data-element_type=\"widget\" data-e-type=\"widget\" data-widget_type=\"text-editor.default\">\n\t\t\t\t<div class=\"elementor-widget-container\">\n\t\t\t\t\t\t\t\t\t<ul>\n \t<li>Firefox desde <a class=\"link-politica-cookies\" href=\"https:\/\/support.mozilla.org\/es\/kb\/habilitar-y-deshabilitar-cookies-que-lossitios-we\">aqu\u00ed<\/a><\/li>\n \t<li>Chrome desde <a class=\"link-politica-cookies\" href=\"https:\/\/support.google.com\/chrome\/answer\/95647?hl=es\">aqu\u00ed<\/a><\/li>\n \t<li>Explorer desde <a class=\"link-politica-cookies\" href=\"https:\/\/support.microsoft.com\/es-es\/windows\/ayuda-de-internet-explorer-23360e49-9cd3-4dda-ba52-705336cc0de2#ie=ie-10\">aqu\u00ed<\/a><\/li>\n \t<li>Safari desde <a class=\"link-politica-cookies\" href=\"https:\/\/support.apple.com\/es-es\/guide\/safari\/sfri11471\/mac\">aqu\u00ed<\/a><\/li>\n \t<li>Opera desde <a class=\"link-politica-cookies\" href=\"https:\/\/help.opera.com\/en\/latest\/web-preferences\/#cookies\">aqu\u00ed<\/a><\/li>\n<\/ul>\t\t\t\t\t\t\t\t<\/div>\n\t\t\t\t<\/div>\n\t\t\t\t\t<\/div>\n\t\t<\/div>\n\t\t\t\t\t<\/div>\n\t\t<\/section>\n\t\t\t\t<\/div>\n\t\t","protected":false},"excerpt":{"rendered":"<p>Politica de Cookies Una Cookie es un fichero que se descarga en su ordenador al acceder a determinadas p\u00e1ginas web. Las cookies permiten a una p\u00e1gina web, entre otras cosas, almacenar y recuperar informaci\u00f3n sobre los h\u00e1bitos de navegaci\u00f3n de un usuario o de su equipo y, dependiendo de la informaci\u00f3n que contenga y de [&hellip;]<\/p>\n","protected":false},"author":2,"featured_media":0,"parent":0,"menu_order":0,"comment_status":"closed","ping_status":"closed","template":"","meta":{"_acf_changed":false,"inline_featured_image":false,"footnotes":""},"class_list":["post-1777","page","type-page","status-publish","hentry"],"acf":[],"yoast_head":"<!-- This site is optimized with the Yoast SEO plugin v27.5 - https:\/\/yoast.com\/product\/yoast-seo-wordpress\/ -->\n<title>\u25b7Pol\u00edtica de cookies - \u3010 Turo Fincas \u3011<\/title>\n<meta name=\"description\" content=\"Politica de Cookies Una Cookie es un fichero que se descarga en su ordenador al acceder a determinadas p\u00e1ginas web. Las cookies permiten a una p\u00e1gina web, \u2713\" \/>\n<meta name=\"robots\" content=\"noindex, nofollow\" \/>\n<meta property=\"og:locale\" content=\"en_US\" \/>\n<meta property=\"og:type\" content=\"article\" \/>\n<meta property=\"og:title\" content=\"\u25b7Pol\u00edtica de cookies - \u3010 Turo Fincas \u3011\" \/>\n<meta property=\"og:description\" content=\"Politica de Cookies Una Cookie es un fichero que se descarga en su ordenador al acceder a determinadas p\u00e1ginas web. Las cookies permiten a una p\u00e1gina web, \u2713\" \/>\n<meta property=\"og:url\" content=\"https:\/\/turofincas.com\/en\/politica-de-cookies\/\" \/>\n<meta property=\"og:site_name\" content=\"Turo Fincas\" \/>\n<meta property=\"article:modified_time\" content=\"2024-02-07T09:58:35+00:00\" \/>\n<meta name=\"twitter:card\" content=\"summary_large_image\" \/>\n<meta name=\"twitter:label1\" content=\"Est. reading time\" \/>\n\t<meta name=\"twitter:data1\" content=\"3 minutes\" \/>\n<script type=\"application\/ld+json\" class=\"yoast-schema-graph\">{\"@context\":\"https:\\\/\\\/schema.org\",\"@graph\":[{\"@type\":\"WebPage\",\"@id\":\"https:\\\/\\\/turofincas.com\\\/en\\\/politica-de-cookies\\\/\",\"url\":\"https:\\\/\\\/turofincas.com\\\/en\\\/politica-de-cookies\\\/\",\"name\":\"\u25b7Pol\u00edtica de cookies - \u3010 Turo Fincas \u3011\",\"isPartOf\":{\"@id\":\"https:\\\/\\\/turofincas.com\\\/#website\"},\"datePublished\":\"2021-10-18T05:29:35+00:00\",\"dateModified\":\"2024-02-07T09:58:35+00:00\",\"description\":\"Politica de Cookies Una Cookie es un fichero que se descarga en su ordenador al acceder a determinadas p\u00e1ginas web. Las cookies permiten a una p\u00e1gina web, \u2713\",\"breadcrumb\":{\"@id\":\"https:\\\/\\\/turofincas.com\\\/en\\\/politica-de-cookies\\\/#breadcrumb\"},\"inLanguage\":\"en-US\",\"potentialAction\":[{\"@type\":\"ReadAction\",\"target\":[\"https:\\\/\\\/turofincas.com\\\/en\\\/politica-de-cookies\\\/\"]}]},{\"@type\":\"BreadcrumbList\",\"@id\":\"https:\\\/\\\/turofincas.com\\\/en\\\/politica-de-cookies\\\/#breadcrumb\",\"itemListElement\":[{\"@type\":\"ListItem\",\"position\":1,\"name\":\"Portada\",\"item\":\"https:\\\/\\\/turofincas.com\\\/en\\\/turo-fincas\\\/\"},{\"@type\":\"ListItem\",\"position\":2,\"name\":\"Pol\u00edtica de cookies\"}]},{\"@type\":\"WebSite\",\"@id\":\"https:\\\/\\\/turofincas.com\\\/#website\",\"url\":\"https:\\\/\\\/turofincas.com\\\/\",\"name\":\"Turo Fincas\",\"description\":\"Turo Fincas\",\"potentialAction\":[{\"@type\":\"SearchAction\",\"target\":{\"@type\":\"EntryPoint\",\"urlTemplate\":\"https:\\\/\\\/turofincas.com\\\/?s={search_term_string}\"},\"query-input\":{\"@type\":\"PropertyValueSpecification\",\"valueRequired\":true,\"valueName\":\"search_term_string\"}}],\"inLanguage\":\"en-US\"}]}<\/script>\n<!-- \/ Yoast SEO plugin. -->","yoast_head_json":{"title":"\u25b7Pol\u00edtica de cookies - \u3010 Turo Fincas \u3011","description":"Politica de Cookies Una Cookie es un fichero que se descarga en su ordenador al acceder a determinadas p\u00e1ginas web. Las cookies permiten a una p\u00e1gina web, \u2713","robots":{"index":"noindex","follow":"nofollow"},"og_locale":"en_US","og_type":"article","og_title":"\u25b7Pol\u00edtica de cookies - \u3010 Turo Fincas \u3011","og_description":"Politica de Cookies Una Cookie es un fichero que se descarga en su ordenador al acceder a determinadas p\u00e1ginas web. Las cookies permiten a una p\u00e1gina web, \u2713","og_url":"https:\/\/turofincas.com\/en\/politica-de-cookies\/","og_site_name":"Turo Fincas","article_modified_time":"2024-02-07T09:58:35+00:00","twitter_card":"summary_large_image","twitter_misc":{"Est. reading time":"3 minutes"},"schema":{"@context":"https:\/\/schema.org","@graph":[{"@type":"WebPage","@id":"https:\/\/turofincas.com\/en\/politica-de-cookies\/","url":"https:\/\/turofincas.com\/en\/politica-de-cookies\/","name":"\u25b7Pol\u00edtica de cookies - \u3010 Turo Fincas \u3011","isPartOf":{"@id":"https:\/\/turofincas.com\/#website"},"datePublished":"2021-10-18T05:29:35+00:00","dateModified":"2024-02-07T09:58:35+00:00","description":"Politica de Cookies Una Cookie es un fichero que se descarga en su ordenador al acceder a determinadas p\u00e1ginas web. Las cookies permiten a una p\u00e1gina web, \u2713","breadcrumb":{"@id":"https:\/\/turofincas.com\/en\/politica-de-cookies\/#breadcrumb"},"inLanguage":"en-US","potentialAction":[{"@type":"ReadAction","target":["https:\/\/turofincas.com\/en\/politica-de-cookies\/"]}]},{"@type":"BreadcrumbList","@id":"https:\/\/turofincas.com\/en\/politica-de-cookies\/#breadcrumb","itemListElement":[{"@type":"ListItem","position":1,"name":"Portada","item":"https:\/\/turofincas.com\/en\/turo-fincas\/"},{"@type":"ListItem","position":2,"name":"Pol\u00edtica de cookies"}]},{"@type":"WebSite","@id":"https:\/\/turofincas.com\/#website","url":"https:\/\/turofincas.com\/","name":"Turo Fincas","description":"Turo Fincas","potentialAction":[{"@type":"SearchAction","target":{"@type":"EntryPoint","urlTemplate":"https:\/\/turofincas.com\/?s={search_term_string}"},"query-input":{"@type":"PropertyValueSpecification","valueRequired":true,"valueName":"search_term_string"}}],"inLanguage":"en-US"}]}},"_links":{"self":[{"href":"https:\/\/turofincas.com\/en\/wp-json\/wp\/v2\/pages\/1777","targetHints":{"allow":["GET"]}}],"collection":[{"href":"https:\/\/turofincas.com\/en\/wp-json\/wp\/v2\/pages"}],"about":[{"href":"https:\/\/turofincas.com\/en\/wp-json\/wp\/v2\/types\/page"}],"author":[{"embeddable":true,"href":"https:\/\/turofincas.com\/en\/wp-json\/wp\/v2\/users\/2"}],"replies":[{"embeddable":true,"href":"https:\/\/turofincas.com\/en\/wp-json\/wp\/v2\/comments?post=1777"}],"version-history":[{"count":5,"href":"https:\/\/turofincas.com\/en\/wp-json\/wp\/v2\/pages\/1777\/revisions"}],"predecessor-version":[{"id":2010,"href":"https:\/\/turofincas.com\/en\/wp-json\/wp\/v2\/pages\/1777\/revisions\/2010"}],"wp:attachment":[{"href":"https:\/\/turofincas.com\/en\/wp-json\/wp\/v2\/media?parent=1777"}],"curies":[{"name":"wp","href":"https:\/\/api.w.org\/{rel}","templated":true}]}}